{"id":37522,"date":"2018-11-08T16:01:15","date_gmt":"2018-11-08T16:01:15","guid":{"rendered":"https:\/\/catering-gourmetfood.com\/comedores-empresas-y-vending-3\/"},"modified":"2018-11-08T16:01:15","modified_gmt":"2018-11-08T16:01:15","slug":"comedores-empresas-y-vending","status":"publish","type":"page","link":"https:\/\/catering-gourmetfood.com\/eu\/comedores-empresas-y-vending\/","title":{"rendered":"Comedores Empresas y Vending"},"content":{"rendered":"<div class=\"wpb-content-wrapper\"><p>[vc_row type=&#8221;vc_default&#8221; gap=&#8221;20&#8243; equal_height=&#8221;yes&#8221; content_placement=&#8221;top&#8221; margin_top=&#8221;0px&#8221; margin_bottom=&#8221;-10px&#8221; css=&#8221;.vc_custom_1509051649188{margin-bottom: 0px !important;}&#8221;][vc_column width=&#8221;1\/3&#8243; css=&#8221;.vc_custom_1509015934012{margin-top: 0px !important;margin-right: 0px !important;margin-bottom: 0px !important;margin-left: 0px !important;border-top-width: 0px !important;border-right-width: 0px !important;border-bottom-width: 0px !important;border-left-width: 0px !important;padding-top: 0px !important;padding-right: 0px !important;padding-bottom: 0px !important;padding-left: 0px !important;}&#8221;][vc_column_text css=&#8221;.vc_custom_1542621163433{margin-top: 0px !important;margin-right: 0px !important;margin-bottom: 20px !important;margin-left: 0px !important;border-top-width: 0px !important;border-right-width: 0px !important;border-bottom-width: 25px !important;border-left-width: 0px !important;padding-top: 0px !important;padding-right: 0px !important;padding-bottom: 0px !important;padding-left: 0px !important;}&#8221;]<\/p>\n<h3 style=\"font-size: 20px; line-height: 25px; text-align: left;\"><strong>La importancia del momento de la comida<br \/>\n<\/strong><\/h3>\n<p>[\/vc_column_text][vc_column_text]Este debe de ser un <strong>tiempo de relax y disfrute<\/strong> que ayude a los usuarios a retomar la actividad en las mejores condiciones posibles. Por ello un comedor de empresa bien gestionado, con unos platos variados, elaborados de una manera tradicional que respeta la cocina de su regi\u00f3n, contribuye a la integraci\u00f3n y motivaci\u00f3n de los trabajadores.<\/p>\n<p>Cuando el n\u00famero de usuarios es reducido,<strong> disponemos de men\u00fas envasados individualmente<\/strong> de forma que pueda realizarse autoservicio sin instalaciones de comedor.[\/vc_column_text][vc_separator color=&#8221;white&#8221; css=&#8221;.vc_custom_1539716475097{margin-bottom: 10px !important;padding-bottom: 10px !important;}&#8221;]<div class=\" vc_custom_1542117983131 ubtn-ctn-center \"><a class=\"ubtn-link ult-adjust-bottom-margin ubtn-center ubtn-custom \" href=\"https:\/\/catering-gourmetfood.com\/wp-content\/uploads\/2018\/10\/GOURMETFOOD.pdf\" target=\"_blank\" rel=\"noopener\" ><button type=\"button\" id=\"ubtn-1338\"  class=\"ubtn ult-adjust-bottom-margin ult-responsive ubtn-custom ubtn-no-hover-bg  none  ubtn-sep-icon ubtn-sep-icon-at-left  ubtn-center   tooltip-69e739e87bcb7\"  data-hover=\"#ffffff\" data-border-color=\"\" data-bg=\"#a9c714\" data-hover-bg=\"#111111\" data-border-hover=\"\" data-shadow-hover=\"\" data-shadow-click=\"none\" data-shadow=\"\" data-shd-shadow=\"\"  data-ultimate-target='#ubtn-1338'  data-responsive-json-new='{\"font-size\":\"desktop:14px;\",\"line-height\":\"desktop:14px;\"}'  style=\"font-weight:bold;width:270px;min-height:40px;padding:8px 25px;border:none;background: #a9c714;color: #ffffff;\"><span class=\"ubtn-data ubtn-icon\"><i class=\"Defaults-eye\" style=\"font-size:20px;color:;\"><\/i><\/span><span class=\"ubtn-hover\" style=\"background-color:#111111\"><\/span><span class=\"ubtn-data ubtn-text \" >Ver Presentaci\u00f3n<\/span><\/button><\/a><\/div>[\/vc_column][vc_column width=&#8221;2\/3&#8243;][vc_column_text css_animation=&#8221;fadeInUp&#8221;]<\/p>\n<div class=\"shortcode-gallery dt-format-gallery gallery-col-4 galleryid-37522 dt-gallery-container\" style=\"width: 100%;\"><a href=\"https:\/\/catering-gourmetfood.com\/wp-content\/uploads\/2018\/11\/w-GF-000006283174Medium.jpg\" class=\"rollover rollover-zoom dt-pswp-item big-img layzr-bg\" title=\"Fine Dining\"  data-dt-img-description=\"\" data-large_image_width=\"900\" data-large_image_height = \"599\"><img fetchpriority=\"high\" decoding=\"async\" src=\"data:image\/svg+xml,%3Csvg%20xmlns%3D&#39;http%3A%2F%2Fwww.w3.org%2F2000%2Fsvg&#39;%20viewBox%3D&#39;0%200%20599%20599&#39;%2F%3E\" data-src=\"https:\/\/catering-gourmetfood.com\/wp-content\/uploads\/2018\/11\/w-GF-000006283174Medium-599x599.jpg\" data-srcset=\"https:\/\/catering-gourmetfood.com\/wp-content\/uploads\/2018\/11\/w-GF-000006283174Medium-599x599.jpg 599w\" loading=\"eager\" style=\"--ratio: 599 \/ 599\" sizes=\"(max-width: 599px) 100vw, 599px\" class=\"preload-me lazy-load aspect\" width=\"599\" height=\"599\"  alt=\"Women dining, selective focus, canon 1Ds mark III\" title=\"Fine Dining\" \/><\/a><a href=\"https:\/\/catering-gourmetfood.com\/wp-content\/uploads\/2018\/11\/w-GF-PALET2.jpg\" class=\"rollover rollover-zoom dt-pswp-item layzr-bg\" title=\"w-GF-PALET2\"  data-dt-img-description=\"\" data-large_image_width=\"454\" data-large_image_height = \"301\"><img decoding=\"async\" src=\"data:image\/svg+xml,%3Csvg%20xmlns%3D&#39;http%3A%2F%2Fwww.w3.org%2F2000%2Fsvg&#39;%20viewBox%3D&#39;0%200%20300%20300&#39;%2F%3E\" data-src=\"https:\/\/catering-gourmetfood.com\/wp-content\/uploads\/2018\/11\/w-GF-PALET2-300x300.jpg\" data-srcset=\"https:\/\/catering-gourmetfood.com\/wp-content\/uploads\/2018\/11\/w-GF-PALET2-300x300.jpg 300w, https:\/\/catering-gourmetfood.com\/wp-content\/uploads\/2018\/11\/w-GF-PALET2-301x301.jpg 301w\" loading=\"eager\" style=\"--ratio: 300 \/ 300\" sizes=\"(max-width: 300px) 100vw, 300px\" class=\"preload-me lazy-load aspect\" width=\"300\" height=\"300\"  alt=\"w-GF-PALET2\" title=\"w-GF-PALET2\" \/><\/a><a href=\"https:\/\/catering-gourmetfood.com\/wp-content\/uploads\/2018\/11\/W-GF-foto05.jpg\" class=\"rollover rollover-zoom dt-pswp-item layzr-bg\" title=\"W-GF-foto05\"  data-dt-img-description=\"\" data-large_image_width=\"480\" data-large_image_height = \"320\"><img decoding=\"async\" src=\"data:image\/svg+xml,%3Csvg%20xmlns%3D&#39;http%3A%2F%2Fwww.w3.org%2F2000%2Fsvg&#39;%20viewBox%3D&#39;0%200%20300%20300&#39;%2F%3E\" data-src=\"https:\/\/catering-gourmetfood.com\/wp-content\/uploads\/2018\/11\/W-GF-foto05-300x300.jpg\" data-srcset=\"https:\/\/catering-gourmetfood.com\/wp-content\/uploads\/2018\/11\/W-GF-foto05-300x300.jpg 300w, https:\/\/catering-gourmetfood.com\/wp-content\/uploads\/2018\/11\/W-GF-foto05-320x320.jpg 320w\" loading=\"eager\" style=\"--ratio: 300 \/ 300\" sizes=\"(max-width: 300px) 100vw, 300px\" class=\"preload-me lazy-load aspect\" width=\"300\" height=\"300\"  alt=\"W-GF-foto05\" title=\"W-GF-foto05\" \/><\/a><a href=\"https:\/\/catering-gourmetfood.com\/wp-content\/uploads\/2018\/11\/w-GF-barqueta2.jpg\" class=\"rollover rollover-zoom dt-pswp-item layzr-bg\" title=\"w-GF-barqueta2\"  data-dt-img-description=\"\" data-large_image_width=\"900\" data-large_image_height = \"675\"><img decoding=\"async\" src=\"data:image\/svg+xml,%3Csvg%20xmlns%3D&#39;http%3A%2F%2Fwww.w3.org%2F2000%2Fsvg&#39;%20viewBox%3D&#39;0%200%20300%20300&#39;%2F%3E\" data-src=\"https:\/\/catering-gourmetfood.com\/wp-content\/uploads\/2018\/11\/w-GF-barqueta2-300x300.jpg\" data-srcset=\"https:\/\/catering-gourmetfood.com\/wp-content\/uploads\/2018\/11\/w-GF-barqueta2-300x300.jpg 300w, https:\/\/catering-gourmetfood.com\/wp-content\/uploads\/2018\/11\/w-GF-barqueta2-600x600.jpg 600w\" loading=\"eager\" style=\"--ratio: 300 \/ 300\" sizes=\"(max-width: 300px) 100vw, 300px\" class=\"preload-me lazy-load aspect\" width=\"300\" height=\"300\"  alt=\"w-GF-barqueta2\" title=\"w-GF-barqueta2\" \/><\/a><a href=\"https:\/\/catering-gourmetfood.com\/wp-content\/uploads\/2018\/11\/w-GF-gourmet-food-010.jpg\" class=\"rollover rollover-zoom dt-pswp-item layzr-bg\" title=\"w-GF-gourmet food 010\"  data-dt-img-description=\"\" data-large_image_width=\"600\" data-large_image_height = \"743\"><img decoding=\"async\" src=\"data:image\/svg+xml,%3Csvg%20xmlns%3D&#39;http%3A%2F%2Fwww.w3.org%2F2000%2Fsvg&#39;%20viewBox%3D&#39;0%200%20300%20300&#39;%2F%3E\" data-src=\"https:\/\/catering-gourmetfood.com\/wp-content\/uploads\/2018\/11\/w-GF-gourmet-food-010-300x300.jpg\" data-srcset=\"https:\/\/catering-gourmetfood.com\/wp-content\/uploads\/2018\/11\/w-GF-gourmet-food-010-300x300.jpg 300w, https:\/\/catering-gourmetfood.com\/wp-content\/uploads\/2018\/11\/w-GF-gourmet-food-010-600x600.jpg 600w\" loading=\"eager\" style=\"--ratio: 300 \/ 300\" sizes=\"(max-width: 300px) 100vw, 300px\" class=\"preload-me lazy-load aspect\" width=\"300\" height=\"300\"  alt=\"w-GF-gourmet food 010\" title=\"w-GF-gourmet food 010\" \/><\/a><a href=\"https:\/\/catering-gourmetfood.com\/wp-content\/uploads\/2018\/11\/GF-barqueta1.jpg\" class=\"rollover rollover-zoom dt-pswp-item layzr-bg\" title=\"GF-barqueta1\"  data-dt-img-description=\"\" data-large_image_width=\"3175\" data-large_image_height = \"1720\"><img decoding=\"async\" src=\"data:image\/svg+xml,%3Csvg%20xmlns%3D&#39;http%3A%2F%2Fwww.w3.org%2F2000%2Fsvg&#39;%20viewBox%3D&#39;0%200%20300%20300&#39;%2F%3E\" data-src=\"https:\/\/catering-gourmetfood.com\/wp-content\/uploads\/2018\/11\/GF-barqueta1-300x300.jpg\" data-srcset=\"https:\/\/catering-gourmetfood.com\/wp-content\/uploads\/2018\/11\/GF-barqueta1-300x300.jpg 300w, https:\/\/catering-gourmetfood.com\/wp-content\/uploads\/2018\/11\/GF-barqueta1-600x600.jpg 600w\" loading=\"eager\" style=\"--ratio: 300 \/ 300\" sizes=\"(max-width: 300px) 100vw, 300px\" class=\"preload-me lazy-load aspect\" width=\"300\" height=\"300\"  alt=\"GF-barqueta1\" title=\"GF-barqueta1\" \/><\/a><a href=\"https:\/\/catering-gourmetfood.com\/wp-content\/uploads\/2018\/11\/w-GF-foto02.jpg\" class=\"rollover rollover-zoom dt-pswp-item layzr-bg\" title=\"w-GF-foto02\"  data-dt-img-description=\"\" data-large_image_width=\"1000\" data-large_image_height = \"666\"><img decoding=\"async\" src=\"data:image\/svg+xml,%3Csvg%20xmlns%3D&#39;http%3A%2F%2Fwww.w3.org%2F2000%2Fsvg&#39;%20viewBox%3D&#39;0%200%20300%20300&#39;%2F%3E\" data-src=\"https:\/\/catering-gourmetfood.com\/wp-content\/uploads\/2018\/11\/w-GF-foto02-300x300.jpg\" data-srcset=\"https:\/\/catering-gourmetfood.com\/wp-content\/uploads\/2018\/11\/w-GF-foto02-300x300.jpg 300w, https:\/\/catering-gourmetfood.com\/wp-content\/uploads\/2018\/11\/w-GF-foto02-600x600.jpg 600w\" loading=\"eager\" style=\"--ratio: 300 \/ 300\" sizes=\"(max-width: 300px) 100vw, 300px\" class=\"preload-me lazy-load aspect\" width=\"300\" height=\"300\"  alt=\"w-GF-foto02\" title=\"w-GF-foto02\" \/><\/a><a href=\"https:\/\/catering-gourmetfood.com\/wp-content\/uploads\/2018\/11\/w-GF-SALT.jpg\" class=\"rollover rollover-zoom dt-pswp-item layzr-bg\" title=\"w-GF-SALT\"  data-dt-img-description=\"\" data-large_image_width=\"600\" data-large_image_height = \"399\"><img decoding=\"async\" src=\"data:image\/svg+xml,%3Csvg%20xmlns%3D&#39;http%3A%2F%2Fwww.w3.org%2F2000%2Fsvg&#39;%20viewBox%3D&#39;0%200%20300%20300&#39;%2F%3E\" data-src=\"https:\/\/catering-gourmetfood.com\/wp-content\/uploads\/2018\/11\/w-GF-SALT-300x300.jpg\" data-srcset=\"https:\/\/catering-gourmetfood.com\/wp-content\/uploads\/2018\/11\/w-GF-SALT-300x300.jpg 300w, https:\/\/catering-gourmetfood.com\/wp-content\/uploads\/2018\/11\/w-GF-SALT-399x399.jpg 399w\" loading=\"eager\" style=\"--ratio: 300 \/ 300\" sizes=\"(max-width: 300px) 100vw, 300px\" class=\"preload-me lazy-load aspect\" width=\"300\" height=\"300\"  alt=\"w-GF-SALT\" title=\"w-GF-SALT\" \/><\/a><a href=\"https:\/\/catering-gourmetfood.com\/wp-content\/uploads\/2018\/11\/W-GF-20171024_135516.jpg\" class=\"rollover rollover-zoom dt-pswp-item layzr-bg\" title=\"W-GF-20171024_135516\"  data-dt-img-description=\"\" data-large_image_width=\"602\" data-large_image_height = \"449\"><img decoding=\"async\" src=\"data:image\/svg+xml,%3Csvg%20xmlns%3D&#39;http%3A%2F%2Fwww.w3.org%2F2000%2Fsvg&#39;%20viewBox%3D&#39;0%200%20300%20300&#39;%2F%3E\" data-src=\"https:\/\/catering-gourmetfood.com\/wp-content\/uploads\/2018\/11\/W-GF-20171024_135516-300x300.jpg\" data-srcset=\"https:\/\/catering-gourmetfood.com\/wp-content\/uploads\/2018\/11\/W-GF-20171024_135516-300x300.jpg 300w, https:\/\/catering-gourmetfood.com\/wp-content\/uploads\/2018\/11\/W-GF-20171024_135516-449x449.jpg 449w\" loading=\"eager\" style=\"--ratio: 300 \/ 300\" sizes=\"(max-width: 300px) 100vw, 300px\" class=\"preload-me lazy-load aspect\" width=\"300\" height=\"300\"  alt=\"W-GF-20171024_135516\" title=\"W-GF-20171024_135516\" \/><\/a><\/div>\n<p>[\/vc_column_text][\/vc_column][\/vc_row][vc_row type=&#8221;vc_default&#8221; equal_height=&#8221;yes&#8221; bg_type=&#8221;bg_color&#8221; bg_override=&#8221;ex-full&#8221; css=&#8221;.vc_custom_1541765949334{margin-top: 60px !important;margin-bottom: 0px !important;border-bottom-width: 0px !important;padding-top: 30px !important;padding-bottom: 40px !important;}&#8221; bg_color_value=&#8221;#f5f6f7&#8243;][vc_column css=&#8221;.vc_custom_1541765846472{margin-bottom: 0px !important;border-bottom-width: 0px !important;padding-bottom: 0px !important;}&#8221;][vc_column_text css=&#8221;.vc_custom_1539621112281{margin-top: 0px !important;margin-right: 0px !important;margin-bottom: 0px !important;margin-left: 0px !important;border-top-width: 0px !important;border-right-width: 0px !important;border-bottom-width: 10px !important;border-left-width: 0px !important;padding-top: 0px !important;padding-right: 0px !important;padding-bottom: 0px !important;padding-left: 0px !important;}&#8221;]<\/p>\n<h2 style=\"text-align: center;\">Tipo de Servicio<\/h2>\n<p>[\/vc_column_text]<div class=\"hr-thin style-line accent-border-color\" style=\"width: 100%;border-top-width: 1px;\"><\/div>[\/vc_column][vc_column width=&#8221;1\/2&#8243; css=&#8221;.vc_custom_1509622983471{margin-top: 20px !important;}&#8221;]<div class=\"smile_icon_list_wrap ult_info_list_container ult-adjust-bottom-margin   vc_custom_1539253899287\"><ul class=\"smile_icon_list left circle with_bg\"><li class=\"icon_list_item\" style=\" font-size:75px;\"><div class=\"icon_list_icon\" data-animation=\"pulse\" data-animation-delay=\"03\" style=\"font-size:25px;border-width:1px;border-style:solid;background:#ffffff;color:#a9c714;border-color:#a9c714;\"><i class=\"Defaults-truck\" ><\/i><\/div><div class=\"icon_description\" id=\"Info-list-wrap-3013\" style=\"font-size:25px;\"><h3 class=\"ult-responsive info-list-heading\"  data-ultimate-target='#Info-list-wrap-3013 h3'  data-responsive-json-new='{\"font-size\":\"desktop:20px;\",\"line-height\":\"desktop:30px;\"}'  style=\"color:#111111;\">Catering transportado desde nuestras cocinas<\/h3><div class=\"icon_description_text ult-responsive\"  data-ultimate-target='#Info-list-wrap-3013 .icon_description_text'  data-responsive-json-new='{\"font-size\":\"desktop:14px;\",\"line-height\":\"desktop:26px;\"}'  style=\"\"><div class=\"one_third\">Es el sistema tradicional, los platos se preparan y cocinan en nuestras instalaciones, posteriormente los trasportamos y entregamos caliente y lista para su consumo.<\/div>\n<\/div><\/div><div class=\"icon_list_connector\" data-animation=\"fadeInUp\" data-animation-delay=\"03\" style=\"border-right-width: 1px;border-right-style: dashed;border-color: #a9c714;\"><\/div><\/li><li class=\"icon_list_item\" style=\" font-size:75px;\"><div class=\"icon_list_icon\" data-animation=\"pulse\" data-animation-delay=\"03\" style=\"font-size:25px;border-width:1px;border-style:solid;background:#ffffff;color:#a9c714;border-color:#a9c714;\"><i class=\"icomoon-free-social-contact-16x16-svg\" ><\/i><\/div><div class=\"icon_description\" id=\"Info-list-wrap-1353\" style=\"font-size:25px;\"><h3 class=\"ult-responsive info-list-heading\"  data-ultimate-target='#Info-list-wrap-1353 h3'  data-responsive-json-new='{\"font-size\":\"desktop:20px;\",\"line-height\":\"desktop:30px;\"}'  style=\"color:#111111;\">Transportado en fr\u00edo<\/h3><div class=\"icon_description_text ult-responsive\"  data-ultimate-target='#Info-list-wrap-1353 .icon_description_text'  data-responsive-json-new='{\"font-size\":\"desktop:14px;\",\"line-height\":\"desktop:26px;\"}'  style=\"\"><div class=\"one_half \">\n<p>Despu\u00e9s de la preparaci\u00f3n y condimentaci\u00f3n de platos del modo tradicional, emplatamos en barquetas y se almacena en fr\u00edo. <strong>Los alimentos mantienen todas sus cualidades; sabor, aroma, texturas y m\u00e1xima seguridad higi\u00e9nica.<\/strong> Un nuevo estilo de alimentaci\u00f3n con las ventajas de la cocina tradicional.<\/p>\n<\/div>\n<\/div><\/div><div class=\"icon_list_connector\" data-animation=\"fadeInUp\" data-animation-delay=\"03\" style=\"border-right-width: 1px;border-right-style: dashed;border-color: #a9c714;\"><\/div><\/li><\/ul><\/div>[\/vc_column][vc_column width=&#8221;1\/2&#8243; css=&#8221;.vc_custom_1509622973903{margin-top: 20px !important;}&#8221;]<div class=\"smile_icon_list_wrap ult_info_list_container ult-adjust-bottom-margin   vc_custom_1539253907048\"><ul class=\"smile_icon_list left circle with_bg\"><li class=\"icon_list_item\" style=\" font-size:75px;\"><div class=\"icon_list_icon\" data-animation=\"pulse\" data-animation-delay=\"03\" style=\"font-size:25px;border-width:1px;border-style:dotted;background:#ffffff;color:#a9c714;border-color:#a9c714;\"><i class=\"icomoon-free-social-contact-16x16-location2\" ><\/i><\/div><div class=\"icon_description\" id=\"Info-list-wrap-5982\" style=\"font-size:25px;\"><h3 class=\"ult-responsive info-list-heading\"  data-ultimate-target='#Info-list-wrap-5982 h3'  data-responsive-json-new='{\"font-size\":\"desktop:20px;\",\"line-height\":\"desktop:30px;\"}'  style=\"color:#111111;\">Gesti\u00f3n ``In situ``<\/h3><div class=\"icon_description_text ult-responsive\"  data-ultimate-target='#Info-list-wrap-5982 .icon_description_text'  data-responsive-json-new='{\"font-size\":\"desktop:14px;\",\"line-height\":\"desktop:26px;\"}'  style=\"\"><p>Es el m\u00e9todo por el cual nos encargamos de<strong> gestionar<\/strong> el personal, las compras, planificar, preparar, elaborar los men\u00fas y servirlos al cliente <strong>en sus propias instalaciones<\/strong>.<\/p>\n<\/div><\/div><div class=\"icon_list_connector\" data-animation=\"fadeInUp\" data-animation-delay=\"03\" style=\"border-right-width: 1px;border-right-style: dotted;border-color: #a9c714;\"><\/div><\/li><li class=\"icon_list_item\" style=\" font-size:75px;\"><div class=\"icon_list_icon\" data-animation=\"pulse\" data-animation-delay=\"03\" style=\"font-size:25px;border-width:1px;border-style:dotted;background:#ffffff;color:#a9c714;border-color:#a9c714;\"><i class=\"Defaults-yelp\" ><\/i><\/div><div class=\"icon_description\" id=\"Info-list-wrap-7155\" style=\"font-size:25px;\"><h3 class=\"ult-responsive info-list-heading\"  data-ultimate-target='#Info-list-wrap-7155 h3'  data-responsive-json-new='{\"font-size\":\"desktop:20px;\",\"line-height\":\"desktop:30px;\"}'  style=\"color:#111111;\">Catering combinado<\/h3><div class=\"icon_description_text ult-responsive\"  data-ultimate-target='#Info-list-wrap-7155 .icon_description_text'  data-responsive-json-new='{\"font-size\":\"desktop:14px;\",\"line-height\":\"desktop:26px;\"}'  style=\"\"><p>Es un sistema que combina los 2 m\u00e9todos, transportado y gesti\u00f3n \u201cin situ\u201d; llevamos parte de la comida totalmente elaborada y el resto lo cocinamos en las instalaciones del cliente.<\/p>\n<\/div><\/div><div class=\"icon_list_connector\" data-animation=\"fadeInUp\" data-animation-delay=\"03\" style=\"border-right-width: 1px;border-right-style: dotted;border-color: #a9c714;\"><\/div><\/li><\/ul><\/div>[\/vc_column][\/vc_row][vc_row type=&#8221;vc_default&#8221; equal_height=&#8221;yes&#8221; content_placement=&#8221;middle&#8221; margin_top=&#8221;-50&#8243; css=&#8221;.vc_custom_1541765821971{margin-top: 0px !important;margin-bottom: 0px !important;border-top-width: 0px !important;border-bottom-width: 0px !important;padding-top: 0px !important;padding-bottom: 0px !important;}&#8221;][vc_column css=&#8221;.vc_custom_1541765837844{margin-top: 0px !important;border-top-width: 0px !important;padding-top: 0px !important;}&#8221;]\t\t\t<script src=\"\/\/catering-gourmetfood.com\/wp-content\/plugins\/revslider\/sr6\/assets\/js\/rbtools.min.js?rev=6.7.38\"><\/script>\n\t\t\t<script src=\"\/\/catering-gourmetfood.com\/wp-content\/plugins\/revslider\/sr6\/assets\/js\/rs6.min.js?rev=6.7.38\"><\/script>\n\n\t\t\t<!-- START filmstrip1 REVOLUTION SLIDER 6.7.38 --><p class=\"rs-p-wp-fix\"><\/p>\n\t\t\t<rs-module-wrap id=\"rev_slider_11_1_wrapper\" data-source=\"gallery\" style=\"visibility:hidden;background:#eeeeee;padding:0;margin:0px auto;margin-top:0;margin-bottom:0;\">\n\t\t\t\t<rs-module id=\"rev_slider_11_1\" style=\"\" data-version=\"6.7.38\">\n\t\t\t\t\t<rs-slides style=\"overflow: hidden; position: absolute;\">\n\t\t\t\t\t\t<rs-slide style=\"position: absolute;\" data-key=\"rs-45\" data-title=\"Slide\" data-anim=\"ms:600;r:0;\" data-in=\"o:0;\" data-out=\"a:false;\">\n\t\t\t\t\t\t\t<img decoding=\"async\" src=\"\/\/catering-gourmetfood.com\/wp-content\/plugins\/revslider\/sr6\/assets\/assets\/dummy.png\" alt=\"\" title=\"gourmetfood\" width=\"1466\" height=\"900\" class=\"rev-slidebg tp-rs-img rs-lazyload\" data-lazyload=\"\/\/catering-gourmetfood.com\/wp-content\/uploads\/2021\/07\/Captura-de-pantalla-2021-07-19-a-las-10.34.43.jpg\" data-no-retina>\n<!--\n\t\t\t\t\t\t\t--><rs-layer\n\t\t\t\t\t\t\t\tid=\"slider-11-slide-45-layer-1\" \n\t\t\t\t\t\t\t\tdata-type=\"text\"\n\t\t\t\t\t\t\t\tdata-color=\"rgba(255, 255, 255, 1)\"\n\t\t\t\t\t\t\t\tdata-rsp_ch=\"on\"\n\t\t\t\t\t\t\t\tdata-xy=\"x:c;xo:-1px,-1px,0,0;y:m;yo:-1px,-1px,0,0;\"\n\t\t\t\t\t\t\t\tdata-text=\"s:200,200,150,100;l:200,200,150,100;a:center;\"\n\t\t\t\t\t\t\t\tdata-dim=\"w:100%;h:100%;\"\n\t\t\t\t\t\t\t\tdata-basealign=\"slide\"\n\t\t\t\t\t\t\t\tdata-padding=\"t:107,107,157,207;r:50;b:125,125,175,225;l:50;\"\n\t\t\t\t\t\t\t\tdata-frame_0=\"tp:600;blu:20px;\"\n\t\t\t\t\t\t\t\tdata-frame_1=\"tp:600;e:power4.out;sp:1000;sR:10;\"\n\t\t\t\t\t\t\t\tdata-frame_999=\"o:0;tp:600;e:power4.out;st:w;sp:1000;sR:7990;blu:20px;\"\n\t\t\t\t\t\t\t\tstyle=\"z-index:10;font-family:'Anton';\"\n\t\t\t\t\t\t\t>REAL FOOD<br\/> GOOD FOOD \n\t\t\t\t\t\t\t<\/rs-layer><!--\n\n\t\t\t\t\t\t\t--><rs-layer\n\t\t\t\t\t\t\t\tid=\"slider-11-slide-45-layer-2\" \n\t\t\t\t\t\t\t\tclass=\"tp-shape tp-shapewrapper\"\n\t\t\t\t\t\t\t\tdata-type=\"shape\"\n\t\t\t\t\t\t\t\tdata-rsp_ch=\"on\"\n\t\t\t\t\t\t\t\tdata-xy=\"x:c;y:m;\"\n\t\t\t\t\t\t\t\tdata-text=\"a:inherit;\"\n\t\t\t\t\t\t\t\tdata-dim=\"w:100%;h:100%;\"\n\t\t\t\t\t\t\t\tdata-basealign=\"slide\"\n\t\t\t\t\t\t\t\tdata-frame_0=\"tp:600;\"\n\t\t\t\t\t\t\t\tdata-frame_1=\"tp:600;e:power4.out;sp:600;sR:10;\"\n\t\t\t\t\t\t\t\tdata-frame_999=\"o:0;tp:600;e:power4.out;st:w;sp:600;sR:8390;\"\n\t\t\t\t\t\t\t\tstyle=\"z-index:9;background-color:rgba(0,0,0,0.35);\"\n\t\t\t\t\t\t\t> \n\t\t\t\t\t\t\t<\/rs-layer><!--\n\n\t\t\t\t\t\t\t--><rs-layer\n\t\t\t\t\t\t\t\tid=\"slider-11-slide-45-layer-4\" \n\t\t\t\t\t\t\t\tclass=\"rev-btn\"\n\t\t\t\t\t\t\t\tdata-type=\"button\"\n\t\t\t\t\t\t\t\tdata-color=\"rgba(0, 0, 0, 1)\"\n\t\t\t\t\t\t\t\tdata-xy=\"x:r;\"\n\t\t\t\t\t\t\t\tdata-text=\"s:17;l:60;fw:500;a:center;\"\n\t\t\t\t\t\t\t\tdata-dim=\"w:60px;h:60px;\"\n\t\t\t\t\t\t\t\tdata-basealign=\"slide\"\n\t\t\t\t\t\t\t\tdata-rsp_bd=\"off\"\n\t\t\t\t\t\t\t\tdata-frame_0=\"tp:600;\"\n\t\t\t\t\t\t\t\tdata-frame_1=\"tp:600;\"\n\t\t\t\t\t\t\t\tdata-frame_999=\"o:0;tp:600;st:w;sR:8700;\"\n\t\t\t\t\t\t\t\tdata-frame_hover=\"c:#fff;bgc:#000;boc:#000;bor:0px,0px,0px,0px;bos:solid;oX:50;oY:50;sp:150;\"\n\t\t\t\t\t\t\t\tstyle=\"z-index:11;background-color:rgba(255,255,255,1);font-family:'Roboto';cursor:pointer;outline:none;box-shadow:none;box-sizing:border-box;-moz-box-sizing:border-box;-webkit-box-sizing:border-box;\"\n\t\t\t\t\t\t\t>\n\t\t\t\t\t\t\t\t<div class=\"rs-untoggled-content\"><i class=\"fa-external-link\"><\/i> <\/div>\n\t\t\t\t\t\t\t\t<div class=\"rs-toggled-content\"><i class=\"fa-compress\"><\/i><\/div>\n\t\t\t\t\t\t\t<\/rs-layer><!--\n\n\t\t\t\t\t\t\t--><rs-layer\n\t\t\t\t\t\t\t\tid=\"slider-11-slide-45-layer-5\" \n\t\t\t\t\t\t\t\tdata-type=\"image\"\n\t\t\t\t\t\t\t\tdata-rsp_ch=\"on\"\n\t\t\t\t\t\t\t\tdata-xy=\"x:c;xo:-6px,-4px,-3px,-1px;yo:-138px,-113px,-85px,-52px;\"\n\t\t\t\t\t\t\t\tdata-text=\"w:normal;s:20,16,12,7;l:0,20,15,9;\"\n\t\t\t\t\t\t\t\tdata-dim=\"w:1250px,1032px,784px,483px;h:833px,687px,521px,321px;\"\n\t\t\t\t\t\t\t\tdata-frame_999=\"o:0;st:w;\"\n\t\t\t\t\t\t\t\tstyle=\"z-index:8;\"\n\t\t\t\t\t\t\t><img decoding=\"async\" src=\"\/\/catering-gourmetfood.com\/wp-content\/plugins\/revslider\/sr6\/assets\/assets\/dummy.png\" alt=\"\" class=\"tp-rs-img rs-lazyload\" data-lazyload=\"\" data-no-retina> \n\t\t\t\t\t\t\t<\/rs-layer><!--\n-->\t\t\t\t\t<\/rs-slide>\n\t\t\t\t\t<\/rs-slides>\n\t\t\t\t<\/rs-module>\n\t\t\t\t<script>\n\t\t\t\t\tsetREVStartSize({c: 'rev_slider_11_1',rl:[1240,1024,778,480],el:[600,600,500,400],gw:[1240,1024,778,480],gh:[600,600,500,400],type:'standard',justify:'',layout:'fullwidth',mh:\"0\"});if (window.RS_MODULES!==undefined && window.RS_MODULES.modules!==undefined && window.RS_MODULES.modules[\"revslider111\"]!==undefined) {window.RS_MODULES.modules[\"revslider111\"].once = false;window.revapi11 = undefined;if (window.RS_MODULES.checkMinimal!==undefined) window.RS_MODULES.checkMinimal()}\n\t\t\t\t<\/script>\n\t\t\t<\/rs-module-wrap>\n\t\t\t<!-- END REVOLUTION SLIDER -->\n[\/vc_column][\/vc_row]<\/p>\n<\/div>","protected":false},"excerpt":{"rendered":"<p>[vc_row type=&#8221;vc_default&#8221; gap=&#8221;20&#8243; equal_height=&#8221;yes&#8221; content_placement=&#8221;top&#8221; margin_top=&#8221;0px&#8221; margin_bottom=&#8221;-10px&#8221; css=&#8221;.vc_custom_1509051649188{margin-bottom: 0px !important;}&#8221;][vc_column width=&#8221;1\/3&#8243; css=&#8221;.vc_custom_1509015934012{margin-top: 0px !important;margin-right: 0px !important;margin-bottom: 0px !important;margin-left: 0px !important;border-top-width: 0px !important;border-right-width: 0px !important;border-bottom-width: 0px !important;border-left-width: 0px !important;padding-top: 0px !important;padding-right: 0px !important;padding-bottom: 0px !important;padding-left: 0px !important;}&#8221;][vc_column_text css=&#8221;.vc_custom_1542621163433{margin-top: 0px !important;margin-right: 0px !important;margin-bottom: 20px !important;margin-left: 0px !important;border-top-width: 0px !important;border-right-width: 0px !important;border-bottom-width: 25px !important;border-left-width: 0px !important;padding-top: 0px !important;padding-right:&hellip;<\/p>\n","protected":false},"author":1,"featured_media":0,"parent":0,"menu_order":5,"comment_status":"closed","ping_status":"closed","template":"","meta":{"footnotes":""},"class_list":["post-37522","page","type-page","status-publish","hentry","description-off"],"_links":{"self":[{"href":"https:\/\/catering-gourmetfood.com\/eu\/wp-json\/wp\/v2\/pages\/37522","targetHints":{"allow":["GET"]}}],"collection":[{"href":"https:\/\/catering-gourmetfood.com\/eu\/wp-json\/wp\/v2\/pages"}],"about":[{"href":"https:\/\/catering-gourmetfood.com\/eu\/wp-json\/wp\/v2\/types\/page"}],"author":[{"embeddable":true,"href":"https:\/\/catering-gourmetfood.com\/eu\/wp-json\/wp\/v2\/users\/1"}],"replies":[{"embeddable":true,"href":"https:\/\/catering-gourmetfood.com\/eu\/wp-json\/wp\/v2\/comments?post=37522"}],"version-history":[{"count":0,"href":"https:\/\/catering-gourmetfood.com\/eu\/wp-json\/wp\/v2\/pages\/37522\/revisions"}],"wp:attachment":[{"href":"https:\/\/catering-gourmetfood.com\/eu\/wp-json\/wp\/v2\/media?parent=37522"}],"curies":[{"name":"wp","href":"https:\/\/api.w.org\/{rel}","templated":true}]}}